{"id":735,"date":"2023-01-11T13:05:16","date_gmt":"2023-01-11T12:05:16","guid":{"rendered":"https:\/\/www.chalet-chatel.com\/?page_id=735"},"modified":"2023-01-11T13:06:52","modified_gmt":"2023-01-11T12:06:52","slug":"politique-de-confidentialite-ete","status":"publish","type":"page","link":"https:\/\/www.chalet-chatel.com\/en\/politique-de-confidentialite-ete\/","title":{"rendered":"Politique de Confidentialit\u00e9 (\u00c9t\u00e9)"},"content":{"rendered":"","protected":false},"excerpt":{"rendered":"","protected":false},"author":3,"featured_media":0,"parent":0,"menu_order":0,"comment_status":"closed","ping_status":"closed","template":"","meta":{"_monsterinsights_skip_tracking":false,"_monsterinsights_sitenote_active":false,"_monsterinsights_sitenote_note":"","_monsterinsights_sitenote_category":0,"footnotes":""},"class_list":["post-735","page","type-page","status-publish","hentry"],"yoast_head":"<!-- This site is optimized with the Yoast SEO plugin v27.5 - https:\/\/yoast.com\/product\/yoast-seo-wordpress\/ -->\n<title>Politique de Confidentialit\u00e9 (\u00c9t\u00e9) - Chalet Ch\u00e2tel<\/title>\n<meta name=\"robots\" content=\"noindex, nofollow\" \/>\n<meta property=\"og:locale\" content=\"en_US\" \/>\n<meta property=\"og:type\" content=\"article\" \/>\n<meta property=\"og:title\" content=\"Politique de Confidentialit\u00e9 (\u00c9t\u00e9) - Chalet Ch\u00e2tel\" \/>\n<meta property=\"og:url\" content=\"https:\/\/www.chalet-chatel.com\/en\/politique-de-confidentialite-ete\/\" \/>\n<meta property=\"og:site_name\" content=\"Chalet Ch\u00e2tel\" \/>\n<meta property=\"article:modified_time\" content=\"2023-01-11T12:06:52+00:00\" \/>\n<meta name=\"twitter:card\" content=\"summary_large_image\" \/>\n<script type=\"application\/ld+json\" class=\"yoast-schema-graph\">{\"@context\":\"https:\\\/\\\/schema.org\",\"@graph\":[{\"@type\":\"WebPage\",\"@id\":\"https:\\\/\\\/www.chalet-chatel.com\\\/politique-de-confidentialite-ete\\\/\",\"url\":\"https:\\\/\\\/www.chalet-chatel.com\\\/politique-de-confidentialite-ete\\\/\",\"name\":\"Politique de Confidentialit\u00e9 (\u00c9t\u00e9) - Chalet Ch\u00e2tel\",\"isPartOf\":{\"@id\":\"https:\\\/\\\/www.chalet-chatel.com\\\/#website\"},\"datePublished\":\"2023-01-11T12:05:16+00:00\",\"dateModified\":\"2023-01-11T12:06:52+00:00\",\"inLanguage\":\"en-US\",\"potentialAction\":[{\"@type\":\"ReadAction\",\"target\":[\"https:\\\/\\\/www.chalet-chatel.com\\\/politique-de-confidentialite-ete\\\/\"]}]},{\"@type\":\"WebSite\",\"@id\":\"https:\\\/\\\/www.chalet-chatel.com\\\/#website\",\"url\":\"https:\\\/\\\/www.chalet-chatel.com\\\/\",\"name\":\"Chalet Ch\u00e2tel\",\"description\":\"Louer un chalet \u00e0 Ch\u00e2tel\",\"potentialAction\":[{\"@type\":\"SearchAction\",\"target\":{\"@type\":\"EntryPoint\",\"urlTemplate\":\"https:\\\/\\\/www.chalet-chatel.com\\\/?s={search_term_string}\"},\"query-input\":{\"@type\":\"PropertyValueSpecification\",\"valueRequired\":true,\"valueName\":\"search_term_string\"}}],\"inLanguage\":\"en-US\"}]}<\/script>\n<!-- \/ Yoast SEO plugin. -->","yoast_head_json":{"title":"Politique de Confidentialit\u00e9 (\u00c9t\u00e9) - Chalet Ch\u00e2tel","robots":{"index":"noindex","follow":"nofollow"},"og_locale":"en_US","og_type":"article","og_title":"Politique de Confidentialit\u00e9 (\u00c9t\u00e9) - Chalet Ch\u00e2tel","og_url":"https:\/\/www.chalet-chatel.com\/en\/politique-de-confidentialite-ete\/","og_site_name":"Chalet Ch\u00e2tel","article_modified_time":"2023-01-11T12:06:52+00:00","twitter_card":"summary_large_image","schema":{"@context":"https:\/\/schema.org","@graph":[{"@type":"WebPage","@id":"https:\/\/www.chalet-chatel.com\/politique-de-confidentialite-ete\/","url":"https:\/\/www.chalet-chatel.com\/politique-de-confidentialite-ete\/","name":"Politique de Confidentialit\u00e9 (\u00c9t\u00e9) - Chalet Ch\u00e2tel","isPartOf":{"@id":"https:\/\/www.chalet-chatel.com\/#website"},"datePublished":"2023-01-11T12:05:16+00:00","dateModified":"2023-01-11T12:06:52+00:00","inLanguage":"en-US","potentialAction":[{"@type":"ReadAction","target":["https:\/\/www.chalet-chatel.com\/politique-de-confidentialite-ete\/"]}]},{"@type":"WebSite","@id":"https:\/\/www.chalet-chatel.com\/#website","url":"https:\/\/www.chalet-chatel.com\/","name":"Chalet Ch\u00e2tel","description":"Louer un chalet \u00e0 Ch\u00e2tel","potentialAction":[{"@type":"SearchAction","target":{"@type":"EntryPoint","urlTemplate":"https:\/\/www.chalet-chatel.com\/?s={search_term_string}"},"query-input":{"@type":"PropertyValueSpecification","valueRequired":true,"valueName":"search_term_string"}}],"inLanguage":"en-US"}]}},"_links":{"self":[{"href":"https:\/\/www.chalet-chatel.com\/en\/wp-json\/wp\/v2\/pages\/735","targetHints":{"allow":["GET"]}}],"collection":[{"href":"https:\/\/www.chalet-chatel.com\/en\/wp-json\/wp\/v2\/pages"}],"about":[{"href":"https:\/\/www.chalet-chatel.com\/en\/wp-json\/wp\/v2\/types\/page"}],"author":[{"embeddable":true,"href":"https:\/\/www.chalet-chatel.com\/en\/wp-json\/wp\/v2\/users\/3"}],"replies":[{"embeddable":true,"href":"https:\/\/www.chalet-chatel.com\/en\/wp-json\/wp\/v2\/comments?post=735"}],"version-history":[{"count":1,"href":"https:\/\/www.chalet-chatel.com\/en\/wp-json\/wp\/v2\/pages\/735\/revisions"}],"predecessor-version":[{"id":736,"href":"https:\/\/www.chalet-chatel.com\/en\/wp-json\/wp\/v2\/pages\/735\/revisions\/736"}],"wp:attachment":[{"href":"https:\/\/www.chalet-chatel.com\/en\/wp-json\/wp\/v2\/media?parent=735"}],"curies":[{"name":"wp","href":"https:\/\/api.w.org\/{rel}","templated":true}]}}