{"id":638,"date":"2023-01-04T10:04:27","date_gmt":"2023-01-04T09:04:27","guid":{"rendered":"https:\/\/www.chalet-chatel.com\/?page_id=638"},"modified":"2023-01-11T10:21:36","modified_gmt":"2023-01-11T09:21:36","slug":"chez-ltonton","status":"publish","type":"page","link":"https:\/\/www.chalet-chatel.com\/en\/ete\/chez-ltonton\/","title":{"rendered":"Chez L'Tonton (\u00c9t\u00e9)"},"content":{"rendered":"","protected":false},"excerpt":{"rendered":"","protected":false},"author":3,"featured_media":0,"parent":636,"menu_order":0,"comment_status":"closed","ping_status":"closed","template":"","meta":{"_monsterinsights_skip_tracking":false,"_monsterinsights_sitenote_active":false,"_monsterinsights_sitenote_note":"","_monsterinsights_sitenote_category":0,"footnotes":""},"class_list":["post-638","page","type-page","status-publish","hentry"],"yoast_head":"<!-- This site is optimized with the Yoast SEO plugin v27.5 - https:\/\/yoast.com\/product\/yoast-seo-wordpress\/ -->\n<title>Location chalet Chez l\u2019Tonton | Chalet Ch\u00e2tel<\/title>\n<meta name=\"description\" content=\"Chalet \u00e0 300m des commerces, en face d&#039;un club enfants, capacit\u00e9 de 8 \u00e0 10 personnes avec 4 chambres, mezzanine et parking priv\u00e9.\" \/>\n<meta name=\"robots\" content=\"index, follow, max-snippet:-1, max-image-preview:large, max-video-preview:-1\" \/>\n<link rel=\"canonical\" href=\"https:\/\/www.chalet-chatel.com\/en\/ete\/chez-ltonton\/\" \/>\n<meta property=\"og:locale\" content=\"en_US\" \/>\n<meta property=\"og:type\" content=\"article\" \/>\n<meta property=\"og:title\" content=\"Location chalet Chez l\u2019Tonton | Chalet Ch\u00e2tel\" \/>\n<meta property=\"og:description\" content=\"Chalet \u00e0 300m des commerces, en face d&#039;un club enfants, capacit\u00e9 de 8 \u00e0 10 personnes avec 4 chambres, mezzanine et parking priv\u00e9.\" \/>\n<meta property=\"og:url\" content=\"https:\/\/www.chalet-chatel.com\/en\/ete\/chez-ltonton\/\" \/>\n<meta property=\"og:site_name\" content=\"Chalet Ch\u00e2tel\" \/>\n<meta property=\"article:modified_time\" content=\"2023-01-11T09:21:36+00:00\" \/>\n<meta name=\"twitter:card\" content=\"summary_large_image\" \/>\n<script type=\"application\/ld+json\" class=\"yoast-schema-graph\">{\"@context\":\"https:\\\/\\\/schema.org\",\"@graph\":[{\"@type\":\"WebPage\",\"@id\":\"https:\\\/\\\/www.chalet-chatel.com\\\/ete\\\/chez-ltonton\\\/\",\"url\":\"https:\\\/\\\/www.chalet-chatel.com\\\/ete\\\/chez-ltonton\\\/\",\"name\":\"Location chalet Chez l\u2019Tonton | Chalet Ch\u00e2tel\",\"isPartOf\":{\"@id\":\"https:\\\/\\\/www.chalet-chatel.com\\\/#website\"},\"datePublished\":\"2023-01-04T09:04:27+00:00\",\"dateModified\":\"2023-01-11T09:21:36+00:00\",\"description\":\"Chalet \u00e0 300m des commerces, en face d'un club enfants, capacit\u00e9 de 8 \u00e0 10 personnes avec 4 chambres, mezzanine et parking priv\u00e9.\",\"breadcrumb\":{\"@id\":\"https:\\\/\\\/www.chalet-chatel.com\\\/ete\\\/chez-ltonton\\\/#breadcrumb\"},\"inLanguage\":\"en-US\",\"potentialAction\":[{\"@type\":\"ReadAction\",\"target\":[\"https:\\\/\\\/www.chalet-chatel.com\\\/ete\\\/chez-ltonton\\\/\"]}]},{\"@type\":\"BreadcrumbList\",\"@id\":\"https:\\\/\\\/www.chalet-chatel.com\\\/ete\\\/chez-ltonton\\\/#breadcrumb\",\"itemListElement\":[{\"@type\":\"ListItem\",\"position\":1,\"name\":\"Accueil (\u00c9t\u00e9)\",\"item\":\"https:\\\/\\\/www.chalet-chatel.com\\\/\"},{\"@type\":\"ListItem\",\"position\":2,\"name\":\"Chez L'Tonton (\u00c9t\u00e9)\"}]},{\"@type\":\"WebSite\",\"@id\":\"https:\\\/\\\/www.chalet-chatel.com\\\/#website\",\"url\":\"https:\\\/\\\/www.chalet-chatel.com\\\/\",\"name\":\"Chalet Ch\u00e2tel\",\"description\":\"Louer un chalet \u00e0 Ch\u00e2tel\",\"potentialAction\":[{\"@type\":\"SearchAction\",\"target\":{\"@type\":\"EntryPoint\",\"urlTemplate\":\"https:\\\/\\\/www.chalet-chatel.com\\\/?s={search_term_string}\"},\"query-input\":{\"@type\":\"PropertyValueSpecification\",\"valueRequired\":true,\"valueName\":\"search_term_string\"}}],\"inLanguage\":\"en-US\"}]}<\/script>\n<!-- \/ Yoast SEO plugin. -->","yoast_head_json":{"title":"Location chalet Chez l\u2019Tonton | Chalet Ch\u00e2tel","description":"Chalet \u00e0 300m des commerces, en face d'un club enfants, capacit\u00e9 de 8 \u00e0 10 personnes avec 4 chambres, mezzanine et parking priv\u00e9.","robots":{"index":"index","follow":"follow","max-snippet":"max-snippet:-1","max-image-preview":"max-image-preview:large","max-video-preview":"max-video-preview:-1"},"canonical":"https:\/\/www.chalet-chatel.com\/en\/ete\/chez-ltonton\/","og_locale":"en_US","og_type":"article","og_title":"Location chalet Chez l\u2019Tonton | Chalet Ch\u00e2tel","og_description":"Chalet \u00e0 300m des commerces, en face d'un club enfants, capacit\u00e9 de 8 \u00e0 10 personnes avec 4 chambres, mezzanine et parking priv\u00e9.","og_url":"https:\/\/www.chalet-chatel.com\/en\/ete\/chez-ltonton\/","og_site_name":"Chalet Ch\u00e2tel","article_modified_time":"2023-01-11T09:21:36+00:00","twitter_card":"summary_large_image","schema":{"@context":"https:\/\/schema.org","@graph":[{"@type":"WebPage","@id":"https:\/\/www.chalet-chatel.com\/ete\/chez-ltonton\/","url":"https:\/\/www.chalet-chatel.com\/ete\/chez-ltonton\/","name":"Location chalet Chez l\u2019Tonton | Chalet Ch\u00e2tel","isPartOf":{"@id":"https:\/\/www.chalet-chatel.com\/#website"},"datePublished":"2023-01-04T09:04:27+00:00","dateModified":"2023-01-11T09:21:36+00:00","description":"Chalet \u00e0 300m des commerces, en face d'un club enfants, capacit\u00e9 de 8 \u00e0 10 personnes avec 4 chambres, mezzanine et parking priv\u00e9.","breadcrumb":{"@id":"https:\/\/www.chalet-chatel.com\/ete\/chez-ltonton\/#breadcrumb"},"inLanguage":"en-US","potentialAction":[{"@type":"ReadAction","target":["https:\/\/www.chalet-chatel.com\/ete\/chez-ltonton\/"]}]},{"@type":"BreadcrumbList","@id":"https:\/\/www.chalet-chatel.com\/ete\/chez-ltonton\/#breadcrumb","itemListElement":[{"@type":"ListItem","position":1,"name":"Accueil (\u00c9t\u00e9)","item":"https:\/\/www.chalet-chatel.com\/"},{"@type":"ListItem","position":2,"name":"Chez L'Tonton (\u00c9t\u00e9)"}]},{"@type":"WebSite","@id":"https:\/\/www.chalet-chatel.com\/#website","url":"https:\/\/www.chalet-chatel.com\/","name":"Chalet Ch\u00e2tel","description":"Louer un chalet \u00e0 Ch\u00e2tel","potentialAction":[{"@type":"SearchAction","target":{"@type":"EntryPoint","urlTemplate":"https:\/\/www.chalet-chatel.com\/?s={search_term_string}"},"query-input":{"@type":"PropertyValueSpecification","valueRequired":true,"valueName":"search_term_string"}}],"inLanguage":"en-US"}]}},"_links":{"self":[{"href":"https:\/\/www.chalet-chatel.com\/en\/wp-json\/wp\/v2\/pages\/638","targetHints":{"allow":["GET"]}}],"collection":[{"href":"https:\/\/www.chalet-chatel.com\/en\/wp-json\/wp\/v2\/pages"}],"about":[{"href":"https:\/\/www.chalet-chatel.com\/en\/wp-json\/wp\/v2\/types\/page"}],"author":[{"embeddable":true,"href":"https:\/\/www.chalet-chatel.com\/en\/wp-json\/wp\/v2\/users\/3"}],"replies":[{"embeddable":true,"href":"https:\/\/www.chalet-chatel.com\/en\/wp-json\/wp\/v2\/comments?post=638"}],"version-history":[{"count":3,"href":"https:\/\/www.chalet-chatel.com\/en\/wp-json\/wp\/v2\/pages\/638\/revisions"}],"predecessor-version":[{"id":729,"href":"https:\/\/www.chalet-chatel.com\/en\/wp-json\/wp\/v2\/pages\/638\/revisions\/729"}],"up":[{"embeddable":true,"href":"https:\/\/www.chalet-chatel.com\/en\/wp-json\/wp\/v2\/pages\/636"}],"wp:attachment":[{"href":"https:\/\/www.chalet-chatel.com\/en\/wp-json\/wp\/v2\/media?parent=638"}],"curies":[{"name":"wp","href":"https:\/\/api.w.org\/{rel}","templated":true}]}}